{"id":3088,"date":"2023-10-23T07:44:54","date_gmt":"2023-10-23T06:44:54","guid":{"rendered":"https:\/\/www.babcock-wanson-group.com\/code-dethique\/"},"modified":"2025-12-12T17:28:47","modified_gmt":"2025-12-12T17:28:47","slug":"code-ethique","status":"publish","type":"page","link":"https:\/\/www.babcock-wanson-group.com\/fr\/code-ethique\/","title":{"rendered":"Code d&rsquo;\u00c9thique"},"content":{"rendered":"\t\t<div data-elementor-type=\"wp-page\" data-elementor-id=\"3088\" class=\"elementor elementor-3088 elementor-2966\" data-elementor-post-type=\"page\">\n\t\t\t\t\t\t<section class=\"elementor-section elementor-top-section elementor-element elementor-element-869b635 elementor-section-full_width elementor-section-height-min-height elementor-section-height-default elementor-section-items-middle\" data-id=\"869b635\" data-element_type=\"section\" data-e-type=\"section\" data-settings=\"{&quot;background_background&quot;:&quot;classic&quot;}\">\n\t\t\t\t\t\t<div class=\"elementor-container elementor-column-gap-no\">\n\t\t\t\t\t<div class=\"elementor-column elementor-col-100 elementor-top-column elementor-element elementor-element-2087163\" data-id=\"2087163\" data-element_type=\"column\" data-e-type=\"column\">\n\t\t\t<div class=\"elementor-widget-wrap elementor-element-populated\">\n\t\t\t\t\t\t<section class=\"elementor-section elementor-inner-section elementor-element elementor-element-4281050 elementor-section-boxed elementor-section-height-default elementor-section-height-default\" data-id=\"4281050\" data-element_type=\"section\" data-e-type=\"section\">\n\t\t\t\t\t\t<div class=\"elementor-container elementor-column-gap-default\">\n\t\t\t\t\t<div class=\"elementor-column elementor-col-100 elementor-inner-column elementor-element elementor-element-2464046\" data-id=\"2464046\" data-element_type=\"column\" data-e-type=\"column\">\n\t\t\t<div class=\"elementor-widget-wrap elementor-element-populated\">\n\t\t\t\t\t\t<div class=\"elementor-element elementor-element-89fd278 elementor-widget elementor-widget-heading\" data-id=\"89fd278\" data-element_type=\"widget\" data-e-type=\"widget\" data-widget_type=\"heading.default\">\n\t\t\t\t\t<h1 class=\"elementor-heading-title elementor-size-default\">Code d'\u00c9thique<\/h1>\t\t\t\t<\/div>\n\t\t\t\t\t<\/div>\n\t\t<\/div>\n\t\t\t\t\t<\/div>\n\t\t<\/section>\n\t\t\t\t\t<\/div>\n\t\t<\/div>\n\t\t\t\t\t<\/div>\n\t\t<\/section>\n\t\t\t\t<section class=\"elementor-section elementor-top-section elementor-element elementor-element-a57ffa2 elementor-section-boxed elementor-section-height-default elementor-section-height-default\" data-id=\"a57ffa2\" data-element_type=\"section\" data-e-type=\"section\">\n\t\t\t\t\t\t<div class=\"elementor-container elementor-column-gap-default\">\n\t\t\t\t\t<div class=\"elementor-column elementor-col-100 elementor-top-column elementor-element elementor-element-c0eaf8f\" data-id=\"c0eaf8f\" data-element_type=\"column\" data-e-type=\"column\">\n\t\t\t<div class=\"elementor-widget-wrap elementor-element-populated\">\n\t\t\t\t\t\t<div class=\"elementor-element elementor-element-28fa441 elementor-widget elementor-widget-text-editor\" data-id=\"28fa441\" data-element_type=\"widget\" data-e-type=\"widget\" data-widget_type=\"text-editor.default\">\n\t\t\t\t\t\t\t\t\t<h2>Engagement en Mati\u00e8re d&rsquo;\u00c9thique et de Conformit\u00e9<\/h2><p>Babcock Wanson Group s&rsquo;engage \u00e0 respecter des normes \u00e9lev\u00e9es d&rsquo;\u00e9thique et d&rsquo;int\u00e9grit\u00e9 dans toutes ses\u00a0activit\u00e9s commerciales et attend de tous ses employ\u00e9s, dirigeants et administrateurs qu&rsquo;ils se conforment\u00a0 \u00e0 la lettre et \u00e0 l&rsquo;esprit de toute loi ou r\u00e9glementation applicable dans les pays et localit\u00e9s\u00a0o\u00f9 nous exer\u00e7ons nos activit\u00e9s.<br \/><span style=\"color: var( --e-global-color-text ); font-size: 1rem;\"><br \/><\/span><\/p><p><span style=\"color: var( --e-global-color-text ); font-size: 1rem;\">Le groupe a adopt\u00e9 un code \u00e9thique et de conduite des affaires auquel tous\u00a0<\/span><span style=\"color: var( --e-global-color-text ); font-size: 1rem;\">les employ\u00e9s, dirigeants et administrateurs du groupe sont tenus d&rsquo;adh\u00e9rer. Ce code fournit des normes visant \u00e0\u00a0<\/span><span style=\"color: var( --e-global-color-text ); font-size: 1rem;\">d\u00e9courager les actions inappropri\u00e9es et \u00e0 promouvoir une conduite honn\u00eate, \u00e9thique et responsable, le respect des lois et r\u00e9glementations applicables, le signalement interne rapide des violations et la responsabilit\u00e9 individuelle.\u00a0<\/span><span style=\"color: var( --e-global-color-text ); font-size: 1rem;\">le respect des lois et r\u00e9glementations applicables, le signalement interne rapide des violations\u00a0<\/span><span style=\"color: var( --e-global-color-text ); font-size: 1rem;\">et la responsabilit\u00e9 individuelle.\u00a0<\/span><\/p>\t\t\t\t\t\t\t\t<\/div>\n\t\t\t\t<div class=\"elementor-element elementor-element-33e132a elementor-widget elementor-widget-shortcode\" data-id=\"33e132a\" data-element_type=\"widget\" data-e-type=\"widget\" data-widget_type=\"shortcode.default\">\n\t\t\t\t\t\t\t<div class=\"elementor-shortcode\"><\/div>\n\t\t\t\t\t\t<\/div>\n\t\t\t\t\t<\/div>\n\t\t<\/div>\n\t\t\t\t\t<\/div>\n\t\t<\/section>\n\t\t\t\t<\/div>\n\t\t","protected":false},"excerpt":{"rendered":"<p>Code d&rsquo;\u00c9thique Engagement en Mati\u00e8re d&rsquo;\u00c9thique et de Conformit\u00e9 Babcock Wanson Group s&rsquo;engage \u00e0 respecter des normes \u00e9lev\u00e9es d&rsquo;\u00e9thique et d&rsquo;int\u00e9grit\u00e9 dans toutes ses\u00a0activit\u00e9s commerciales et attend de tous ses employ\u00e9s, dirigeants et administrateurs qu&rsquo;ils se conforment\u00a0 \u00e0 la lettre et \u00e0 l&rsquo;esprit de toute loi ou r\u00e9glementation applicable dans les pays et localit\u00e9s\u00a0o\u00f9 nous [&hellip;]<\/p>\n","protected":false},"author":1,"featured_media":0,"parent":0,"menu_order":0,"comment_status":"closed","ping_status":"closed","template":"","meta":{"footnotes":""},"class_list":["post-3088","page","type-page","status-publish","hentry"],"_links":{"self":[{"href":"https:\/\/www.babcock-wanson-group.com\/fr\/wp-json\/wp\/v2\/pages\/3088","targetHints":{"allow":["GET"]}}],"collection":[{"href":"https:\/\/www.babcock-wanson-group.com\/fr\/wp-json\/wp\/v2\/pages"}],"about":[{"href":"https:\/\/www.babcock-wanson-group.com\/fr\/wp-json\/wp\/v2\/types\/page"}],"author":[{"embeddable":true,"href":"https:\/\/www.babcock-wanson-group.com\/fr\/wp-json\/wp\/v2\/users\/1"}],"replies":[{"embeddable":true,"href":"https:\/\/www.babcock-wanson-group.com\/fr\/wp-json\/wp\/v2\/comments?post=3088"}],"version-history":[{"count":35,"href":"https:\/\/www.babcock-wanson-group.com\/fr\/wp-json\/wp\/v2\/pages\/3088\/revisions"}],"predecessor-version":[{"id":5511,"href":"https:\/\/www.babcock-wanson-group.com\/fr\/wp-json\/wp\/v2\/pages\/3088\/revisions\/5511"}],"wp:attachment":[{"href":"https:\/\/www.babcock-wanson-group.com\/fr\/wp-json\/wp\/v2\/media?parent=3088"}],"curies":[{"name":"wp","href":"https:\/\/api.w.org\/{rel}","templated":true}]}}