{"id":5156,"date":"2025-02-28T16:16:52","date_gmt":"2025-02-28T16:16:52","guid":{"rendered":"https:\/\/www.babcock-wanson-group.com\/nos-solutions\/"},"modified":"2025-12-12T17:02:11","modified_gmt":"2025-12-12T17:02:11","slug":"nos-solutions","status":"publish","type":"page","link":"https:\/\/www.babcock-wanson-group.com\/fr\/nos-solutions\/","title":{"rendered":"Nos Solutions"},"content":{"rendered":"\t\t<div data-elementor-type=\"wp-page\" data-elementor-id=\"5156\" class=\"elementor elementor-5156 elementor-4925\" data-elementor-post-type=\"page\">\n\t\t\t\t\t\t<section class=\"elementor-section elementor-top-section elementor-element elementor-element-869b635 elementor-section-full_width elementor-section-height-min-height elementor-section-height-default elementor-section-items-middle\" data-id=\"869b635\" data-element_type=\"section\" data-e-type=\"section\" data-settings=\"{&quot;background_background&quot;:&quot;classic&quot;}\">\n\t\t\t\t\t\t<div class=\"elementor-container elementor-column-gap-no\">\n\t\t\t\t\t<div class=\"elementor-column elementor-col-100 elementor-top-column elementor-element elementor-element-2087163\" data-id=\"2087163\" data-element_type=\"column\" data-e-type=\"column\">\n\t\t\t<div class=\"elementor-widget-wrap elementor-element-populated\">\n\t\t\t\t\t\t<section class=\"elementor-section elementor-inner-section elementor-element elementor-element-4281050 elementor-section-boxed elementor-section-height-default elementor-section-height-default\" data-id=\"4281050\" data-element_type=\"section\" data-e-type=\"section\">\n\t\t\t\t\t\t<div class=\"elementor-container elementor-column-gap-default\">\n\t\t\t\t\t<div class=\"elementor-column elementor-col-100 elementor-inner-column elementor-element elementor-element-2464046\" data-id=\"2464046\" data-element_type=\"column\" data-e-type=\"column\">\n\t\t\t<div class=\"elementor-widget-wrap elementor-element-populated\">\n\t\t\t\t\t\t<div class=\"elementor-element elementor-element-89fd278 elementor-widget elementor-widget-heading\" data-id=\"89fd278\" data-element_type=\"widget\" data-e-type=\"widget\" data-widget_type=\"heading.default\">\n\t\t\t\t\t<h1 class=\"elementor-heading-title elementor-size-default\">Nos Solutions<\/h1>\t\t\t\t<\/div>\n\t\t\t\t\t<\/div>\n\t\t<\/div>\n\t\t\t\t\t<\/div>\n\t\t<\/section>\n\t\t\t\t\t<\/div>\n\t\t<\/div>\n\t\t\t\t\t<\/div>\n\t\t<\/section>\n\t\t\t\t<section class=\"elementor-section elementor-top-section elementor-element elementor-element-9afb144 elementor-section-height-min-height elementor-section-items-top elementor-section-boxed elementor-section-height-default\" data-id=\"9afb144\" data-element_type=\"section\" data-e-type=\"section\" data-settings=\"{&quot;background_background&quot;:&quot;classic&quot;}\">\n\t\t\t\t\t\t<div class=\"elementor-container elementor-column-gap-default\">\n\t\t\t\t\t<div class=\"elementor-column elementor-col-50 elementor-top-column elementor-element elementor-element-00d65da\" data-id=\"00d65da\" data-element_type=\"column\" data-e-type=\"column\">\n\t\t\t<div class=\"elementor-widget-wrap elementor-element-populated\">\n\t\t\t\t\t\t<div class=\"elementor-element elementor-element-3b3df2d elementor-widget__width-initial elementor-widget elementor-widget-heading\" data-id=\"3b3df2d\" data-element_type=\"widget\" data-e-type=\"widget\" data-widget_type=\"heading.default\">\n\t\t\t\t\t<h2 class=\"elementor-heading-title elementor-size-default\">SOLUTIONS DURABLES <\/h2>\t\t\t\t<\/div>\n\t\t\t\t<div class=\"elementor-element elementor-element-29e6ba3 elementor-widget elementor-widget-text-editor\" data-id=\"29e6ba3\" data-element_type=\"widget\" data-e-type=\"widget\" data-widget_type=\"text-editor.default\">\n\t\t\t\t\t\t\t\t\t<p>Les solutions li\u00e9es \u00e0 la transition \u00e9nerg\u00e9tique d\u00e9ploy\u00e9es par nos marques s\u2019articulent autour de 4 piliers majeurs.<\/p><p>Notre positionnement est unique. Pr\u00e9sent sur toute la chaine de valeur, Babcock Wanson Group peut agir et accompagner ses clients durant toute leur dur\u00e9e de vie de leurs installations industrielles, de leur conception, jusqu\u2019\u00e0 leur exploitation et leur maintenance.<\/p>\t\t\t\t\t\t\t\t<\/div>\n\t\t\t\t<div class=\"elementor-element elementor-element-0bac3dc elementor-widget elementor-widget-spacer\" data-id=\"0bac3dc\" data-element_type=\"widget\" data-e-type=\"widget\" data-widget_type=\"spacer.default\">\n\t\t\t\t\t\t\t<div class=\"elementor-spacer\">\n\t\t\t<div class=\"elementor-spacer-inner\"><\/div>\n\t\t<\/div>\n\t\t\t\t\t\t<\/div>\n\t\t\t\t<div class=\"elementor-element elementor-element-7069eb3 elementor-widget elementor-widget-n-carousel\" data-id=\"7069eb3\" data-element_type=\"widget\" data-e-type=\"widget\" data-settings=\"{&quot;carousel_items&quot;:[{&quot;slide_title&quot;:&quot;Slide #1&quot;,&quot;_id&quot;:&quot;cb3e43f&quot;},{&quot;slide_title&quot;:&quot;Slide #2&quot;,&quot;_id&quot;:&quot;f75a6f1&quot;},{&quot;slide_title&quot;:&quot;Slide #3&quot;,&quot;_id&quot;:&quot;90b9e55&quot;},{&quot;_id&quot;:&quot;4276a33&quot;,&quot;slide_title&quot;:&quot;Slide #4&quot;}],&quot;slides_to_show&quot;:&quot;1&quot;,&quot;slides_to_show_tablet&quot;:&quot;2&quot;,&quot;slides_to_show_mobile&quot;:&quot;1&quot;,&quot;autoplay&quot;:&quot;yes&quot;,&quot;autoplay_speed&quot;:5000,&quot;pause_on_hover&quot;:&quot;yes&quot;,&quot;pause_on_interaction&quot;:&quot;yes&quot;,&quot;infinite&quot;:&quot;yes&quot;,&quot;speed&quot;:500,&quot;offset_sides&quot;:&quot;none&quot;,&quot;image_spacing_custom&quot;:{&quot;unit&quot;:&quot;px&quot;,&quot;size&quot;:10,&quot;sizes&quot;:[]},&quot;image_spacing_custom_tablet&quot;:{&quot;unit&quot;:&quot;px&quot;,&quot;size&quot;:&quot;&quot;,&quot;sizes&quot;:[]},&quot;image_spacing_custom_mobile&quot;:{&quot;unit&quot;:&quot;px&quot;,&quot;size&quot;:&quot;&quot;,&quot;sizes&quot;:[]}}\" data-widget_type=\"nested-carousel.default\">\n\t\t\t\t\t\t\t<div class=\"e-n-carousel swiper\" role=\"region\" aria-roledescription=\"carousel\" aria-label=\"Carousel\" dir=\"ltr\">\n\t\t\t<div class=\"swiper-wrapper\" aria-live=\"off\">\n\t\t\t\t\t\t\t\t\t\t<div class=\"swiper-slide\" data-slide=\"1\" role=\"group\" aria-roledescription=\"slide\" aria-label=\"1 sur 4\">\n\t\t\t\t\t\t\t<div class=\"elementor-element elementor-element-b8b9401 e-flex e-con-boxed e-con e-child\" data-id=\"b8b9401\" data-element_type=\"container\" data-e-type=\"container\">\n\t\t\t\t\t<div class=\"e-con-inner\">\n\t\t<div class=\"elementor-element elementor-element-37dbb56 e-con-full e-flex e-con e-child\" data-id=\"37dbb56\" data-element_type=\"container\" data-e-type=\"container\">\n\t\t\t\t<div class=\"elementor-element elementor-element-c729b51 elementor-widget__width-initial elementor-widget elementor-widget-heading\" data-id=\"c729b51\" data-element_type=\"widget\" data-e-type=\"widget\" data-widget_type=\"heading.default\">\n\t\t\t\t\t<h2 class=\"elementor-heading-title elementor-size-default\">D\u00e9carbonation<\/h2>\t\t\t\t<\/div>\n\t\t\t\t<div class=\"elementor-element elementor-element-57e8150 elementor-widget elementor-widget-text-editor\" data-id=\"57e8150\" data-element_type=\"widget\" data-e-type=\"widget\" data-widget_type=\"text-editor.default\">\n\t\t\t\t\t\t\t\t\t<p>Nous d\u00e9veloppons des solutions alternatives (\u00e9lectricit\u00e9, hydrog\u00e8ne vert, oxycombustion&#8230;) \u00e0 l\u2019utilisation de combustibles fossiles pour atteindre l\u2019objectif z\u00e9ro \u00e9mission sur site.<\/p>\t\t\t\t\t\t\t\t<\/div>\n\t\t\t\t<\/div>\n\t\t\t\t\t<\/div>\n\t\t\t\t<\/div>\n\t\t\t\t\t\t\t\t<\/div>\n\t\t\t\t\t\t\t\t\t\t\t<div class=\"swiper-slide\" data-slide=\"2\" role=\"group\" aria-roledescription=\"slide\" aria-label=\"2 sur 4\">\n\t\t\t\t\t\t\t<div class=\"elementor-element elementor-element-87c4e89 e-con-full e-flex e-con e-child\" data-id=\"87c4e89\" data-element_type=\"container\" data-e-type=\"container\">\n\t\t\t\t<div class=\"elementor-element elementor-element-632cabd elementor-widget__width-initial elementor-widget elementor-widget-heading\" data-id=\"632cabd\" data-element_type=\"widget\" data-e-type=\"widget\" data-widget_type=\"heading.default\">\n\t\t\t\t\t<h2 class=\"elementor-heading-title elementor-size-default\">Performance \u00e9nerg\u00e9tique<\/h2>\t\t\t\t<\/div>\n\t\t\t\t<div class=\"elementor-element elementor-element-f3ce263 elementor-widget elementor-widget-text-editor\" data-id=\"f3ce263\" data-element_type=\"widget\" data-e-type=\"widget\" data-widget_type=\"text-editor.default\">\n\t\t\t\t\t\t\t\t\t<p>Nos \u00e9quipements utilisent les meilleures technologies disponibles. Leur efficacit\u00e9 \u00e9lev\u00e9e permet de moins consommer de combustibles fossiles et donc de diminuer leurs \u00e9missions de gaz \u00e0 effet de serre.<\/p>\t\t\t\t\t\t\t\t<\/div>\n\t\t\t\t<\/div>\n\t\t\t\t\t\t\t\t<\/div>\n\t\t\t\t\t\t\t\t\t\t\t<div class=\"swiper-slide\" data-slide=\"3\" role=\"group\" aria-roledescription=\"slide\" aria-label=\"3 sur 4\">\n\t\t\t\t\t\t\t<div class=\"elementor-element elementor-element-b6c9551 e-flex e-con-boxed e-con e-child\" data-id=\"b6c9551\" data-element_type=\"container\" data-e-type=\"container\">\n\t\t\t\t\t<div class=\"e-con-inner\">\n\t\t\t\t<div class=\"elementor-element elementor-element-f054f0a elementor-widget__width-initial elementor-widget elementor-widget-heading\" data-id=\"f054f0a\" data-element_type=\"widget\" data-e-type=\"widget\" data-widget_type=\"heading.default\">\n\t\t\t\t\t<h2 class=\"elementor-heading-title elementor-size-default\">R\u00e9ductions des \u00e9missions polluantes<\/h2>\t\t\t\t<\/div>\n\t\t\t\t<div class=\"elementor-element elementor-element-a11d125 elementor-widget elementor-widget-text-editor\" data-id=\"a11d125\" data-element_type=\"widget\" data-e-type=\"widget\" data-widget_type=\"text-editor.default\">\n\t\t\t\t\t\t\t\t\t<p>Nous proposons des \u00e9quipements con\u00e7us pour capter et \u00e9liminer les polluants de l\u2019air (COV, NOx\u2026) g\u00e9n\u00e9r\u00e9s par les installations industrielles.<\/p>\t\t\t\t\t\t\t\t<\/div>\n\t\t\t\t\t<\/div>\n\t\t\t\t<\/div>\n\t\t\t\t\t\t\t\t<\/div>\n\t\t\t\t\t\t\t\t\t\t\t<div class=\"swiper-slide\" data-slide=\"4\" role=\"group\" aria-roledescription=\"slide\" aria-label=\"4 sur 4\">\n\t\t\t\t\t\t\t<div class=\"elementor-element elementor-element-11529fe e-flex e-con-boxed e-con e-child\" data-id=\"11529fe\" data-element_type=\"container\" data-e-type=\"container\">\n\t\t\t\t\t<div class=\"e-con-inner\">\n\t\t\t\t<div class=\"elementor-element elementor-element-7920e4a elementor-widget__width-initial elementor-widget elementor-widget-heading\" data-id=\"7920e4a\" data-element_type=\"widget\" data-e-type=\"widget\" data-widget_type=\"heading.default\">\n\t\t\t\t\t<h2 class=\"elementor-heading-title elementor-size-default\">Re-Use<\/h2>\t\t\t\t<\/div>\n\t\t\t\t<div class=\"elementor-element elementor-element-e6d25ba elementor-widget elementor-widget-text-editor\" data-id=\"e6d25ba\" data-element_type=\"widget\" data-e-type=\"widget\" data-widget_type=\"text-editor.default\">\n\t\t\t\t\t\t\t\t\t<p>La r\u00e9cup\u00e9ration et le r\u00e9emploi de produits cl\u00e9s tels que l\u2019eau (boues) ou certains produits chimiques (solvants) contribuent \u00e0 la bonne gestion de ressources naturelles limit\u00e9es.<\/p>\t\t\t\t\t\t\t\t<\/div>\n\t\t\t\t\t<\/div>\n\t\t\t\t<\/div>\n\t\t\t\t\t\t\t\t<\/div>\n\t\t\t\t\t\t\t\t<\/div>\n\t\t<\/div>\n\t\t\t\t\t\t<\/div>\n\t\t\t\t<div class=\"elementor-element elementor-element-bd460ca elementor-widget elementor-widget-spacer\" data-id=\"bd460ca\" data-element_type=\"widget\" data-e-type=\"widget\" data-widget_type=\"spacer.default\">\n\t\t\t\t\t\t\t<div class=\"elementor-spacer\">\n\t\t\t<div class=\"elementor-spacer-inner\"><\/div>\n\t\t<\/div>\n\t\t\t\t\t\t<\/div>\n\t\t\t\t<div class=\"elementor-element elementor-element-72dcced elementor-align-right elementor-widget elementor-widget-button\" data-id=\"72dcced\" data-element_type=\"widget\" data-e-type=\"widget\" data-widget_type=\"button.default\">\n\t\t\t\t\t\t\t\t\t\t<a class=\"elementor-button elementor-button-link elementor-size-sm\" href=\"https:\/\/www.babcock-wanson-group.com\/wp-content\/uploads\/2025\/12\/Solutions-Durables-2026.pdf\" target=\"_blank\">\n\t\t\t\t\t\t<span class=\"elementor-button-content-wrapper\">\n\t\t\t\t\t\t<span class=\"elementor-button-icon\">\n\t\t\t\t<svg aria-hidden=\"true\" class=\"e-font-icon-svg e-far-arrow-alt-circle-down\" viewBox=\"0 0 512 512\" xmlns=\"http:\/\/www.w3.org\/2000\/svg\"><path d=\"M256 8C119 8 8 119 8 256s111 248 248 248 248-111 248-248S393 8 256 8zm0 448c-110.5 0-200-89.5-200-200S145.5 56 256 56s200 89.5 200 200-89.5 200-200 200zm-32-316v116h-67c-10.7 0-16 12.9-8.5 20.5l99 99c4.7 4.7 12.3 4.7 17 0l99-99c7.6-7.6 2.2-20.5-8.5-20.5h-67V140c0-6.6-5.4-12-12-12h-40c-6.6 0-12 5.4-12 12z\"><\/path><\/svg>\t\t\t<\/span>\n\t\t\t\t\t\t\t\t\t<span class=\"elementor-button-text\">T\u00e9l\u00e9chargez notre brochure<\/span>\n\t\t\t\t\t<\/span>\n\t\t\t\t\t<\/a>\n\t\t\t\t\t\t\t\t<\/div>\n\t\t\t\t\t<\/div>\n\t\t<\/div>\n\t\t\t\t<div class=\"elementor-column elementor-col-50 elementor-top-column elementor-element elementor-element-e202411\" data-id=\"e202411\" data-element_type=\"column\" data-e-type=\"column\">\n\t\t\t<div class=\"elementor-widget-wrap elementor-element-populated\">\n\t\t\t\t\t\t<div class=\"elementor-element elementor-element-9c4d665 elementor-widget elementor-widget-image\" data-id=\"9c4d665\" data-element_type=\"widget\" data-e-type=\"widget\" data-widget_type=\"image.default\">\n\t\t\t\t\t\t\t\t\t\t\t\t\t\t\t<img fetchpriority=\"high\" decoding=\"async\" width=\"800\" height=\"600\" src=\"https:\/\/www.babcock-wanson-group.com\/wp-content\/uploads\/2025\/05\/energy-transition-wheel.webp\" class=\"attachment-large size-large wp-image-5051\" alt=\"Transition \u00e9nerg\u00e9tique\" srcset=\"https:\/\/www.babcock-wanson-group.com\/wp-content\/uploads\/2025\/05\/energy-transition-wheel.webp 800w, https:\/\/www.babcock-wanson-group.com\/wp-content\/uploads\/2025\/05\/energy-transition-wheel-300x225.webp 300w, https:\/\/www.babcock-wanson-group.com\/wp-content\/uploads\/2025\/05\/energy-transition-wheel-768x576.webp 768w\" sizes=\"(max-width: 800px) 100vw, 800px\" \/>\t\t\t\t\t\t\t\t\t\t\t\t\t\t\t<\/div>\n\t\t\t\t\t<\/div>\n\t\t<\/div>\n\t\t\t\t\t<\/div>\n\t\t<\/section>\n\t\t\t\t<section class=\"elementor-section elementor-top-section elementor-element elementor-element-a88369e elementor-section-height-min-height elementor-section-items-top elementor-section-boxed elementor-section-height-default\" data-id=\"a88369e\" data-element_type=\"section\" data-e-type=\"section\" data-settings=\"{&quot;background_background&quot;:&quot;classic&quot;}\">\n\t\t\t\t\t\t<div class=\"elementor-container elementor-column-gap-default\">\n\t\t\t\t\t<div class=\"elementor-column elementor-col-50 elementor-top-column elementor-element elementor-element-0ae4bbf\" data-id=\"0ae4bbf\" data-element_type=\"column\" data-e-type=\"column\">\n\t\t\t<div class=\"elementor-widget-wrap elementor-element-populated\">\n\t\t\t\t\t\t<div class=\"elementor-element elementor-element-f637cbc elementor-widget elementor-widget-image\" data-id=\"f637cbc\" data-element_type=\"widget\" data-e-type=\"widget\" data-widget_type=\"image.default\">\n\t\t\t\t\t\t\t\t\t\t\t\t\t\t\t<img decoding=\"async\" width=\"800\" height=\"600\" src=\"https:\/\/www.babcock-wanson-group.com\/wp-content\/uploads\/2025\/08\/solutions-electriques.webp\" class=\"attachment-large size-large wp-image-5260\" alt=\"Solutions Electriques\" srcset=\"https:\/\/www.babcock-wanson-group.com\/wp-content\/uploads\/2025\/08\/solutions-electriques.webp 800w, https:\/\/www.babcock-wanson-group.com\/wp-content\/uploads\/2025\/08\/solutions-electriques-300x225.webp 300w, https:\/\/www.babcock-wanson-group.com\/wp-content\/uploads\/2025\/08\/solutions-electriques-768x576.webp 768w\" sizes=\"(max-width: 800px) 100vw, 800px\" \/>\t\t\t\t\t\t\t\t\t\t\t\t\t\t\t<\/div>\n\t\t\t\t\t<\/div>\n\t\t<\/div>\n\t\t\t\t<div class=\"elementor-column elementor-col-50 elementor-top-column elementor-element elementor-element-154aeec\" data-id=\"154aeec\" data-element_type=\"column\" data-e-type=\"column\">\n\t\t\t<div class=\"elementor-widget-wrap elementor-element-populated\">\n\t\t\t\t\t\t<div class=\"elementor-element elementor-element-3abc093 elementor-widget__width-initial elementor-widget elementor-widget-heading\" data-id=\"3abc093\" data-element_type=\"widget\" data-e-type=\"widget\" data-widget_type=\"heading.default\">\n\t\t\t\t\t<h2 class=\"elementor-heading-title elementor-size-default\">SOLUTIONS \u00c9LECTRIQUES<\/h2>\t\t\t\t<\/div>\n\t\t\t\t<div class=\"elementor-element elementor-element-df593fd elementor-widget elementor-widget-text-editor\" data-id=\"df593fd\" data-element_type=\"widget\" data-e-type=\"widget\" data-widget_type=\"text-editor.default\">\n\t\t\t\t\t\t\t\t\t<p>Au c\u0153ur des process industriels, les chaudi\u00e8res vapeur et eau chaude sont depuis toujours un poste important de consommation de combustibles fossiles et donc d\u2019\u00e9missions de CO2.<\/p><p>Fruit de la synergie de nos marques, nos chaudi\u00e8res \u00e9lectriques sont pens\u00e9es pour s\u2019adapter \u00e0 tous les besoins et \u00e0 toutes les configurations techniques. Elles offrent de nombreux avantages \u00e9conomiques et sont un atout incontournable pour la d\u00e9carbonation des usages vapeur et eau chaude. <\/p>\t\t\t\t\t\t\t\t<\/div>\n\t\t\t\t<div class=\"elementor-element elementor-element-99562d0 elementor-widget elementor-widget-n-carousel\" data-id=\"99562d0\" data-element_type=\"widget\" data-e-type=\"widget\" data-settings=\"{&quot;carousel_items&quot;:[{&quot;slide_title&quot;:&quot;Slide #1&quot;,&quot;_id&quot;:&quot;cb3e43f&quot;},{&quot;slide_title&quot;:&quot;Slide #2&quot;,&quot;_id&quot;:&quot;f75a6f1&quot;},{&quot;slide_title&quot;:&quot;Slide #3&quot;,&quot;_id&quot;:&quot;90b9e55&quot;}],&quot;slides_to_show&quot;:&quot;1&quot;,&quot;slides_to_show_tablet&quot;:&quot;2&quot;,&quot;slides_to_show_mobile&quot;:&quot;1&quot;,&quot;autoplay&quot;:&quot;yes&quot;,&quot;autoplay_speed&quot;:5000,&quot;pause_on_hover&quot;:&quot;yes&quot;,&quot;pause_on_interaction&quot;:&quot;yes&quot;,&quot;infinite&quot;:&quot;yes&quot;,&quot;speed&quot;:500,&quot;offset_sides&quot;:&quot;none&quot;,&quot;image_spacing_custom&quot;:{&quot;unit&quot;:&quot;px&quot;,&quot;size&quot;:10,&quot;sizes&quot;:[]},&quot;image_spacing_custom_tablet&quot;:{&quot;unit&quot;:&quot;px&quot;,&quot;size&quot;:&quot;&quot;,&quot;sizes&quot;:[]},&quot;image_spacing_custom_mobile&quot;:{&quot;unit&quot;:&quot;px&quot;,&quot;size&quot;:&quot;&quot;,&quot;sizes&quot;:[]}}\" data-widget_type=\"nested-carousel.default\">\n\t\t\t\t\t\t\t<div class=\"e-n-carousel swiper\" role=\"region\" aria-roledescription=\"carousel\" aria-label=\"Carousel\" dir=\"ltr\">\n\t\t\t<div class=\"swiper-wrapper\" aria-live=\"off\">\n\t\t\t\t\t\t\t\t\t\t<div class=\"swiper-slide\" data-slide=\"1\" role=\"group\" aria-roledescription=\"slide\" aria-label=\"1 sur 3\">\n\t\t\t\t\t\t\t<div class=\"elementor-element elementor-element-d192e91 e-flex e-con-boxed e-con e-child\" data-id=\"d192e91\" data-element_type=\"container\" data-e-type=\"container\">\n\t\t\t\t\t<div class=\"e-con-inner\">\n\t\t<div class=\"elementor-element elementor-element-64d55a5 e-con-full e-flex e-con e-child\" data-id=\"64d55a5\" data-element_type=\"container\" data-e-type=\"container\">\n\t\t\t\t<div class=\"elementor-element elementor-element-e045daa elementor-widget__width-initial elementor-widget elementor-widget-heading\" data-id=\"e045daa\" data-element_type=\"widget\" data-e-type=\"widget\" data-widget_type=\"heading.default\">\n\t\t\t\t\t<h2 class=\"elementor-heading-title elementor-size-default\">CHAUDI\u00c8RES \u00c0 \u00c9LECTRODES HAUTE TENSION<\/h2>\t\t\t\t<\/div>\n\t\t\t\t<div class=\"elementor-element elementor-element-871dd00 elementor-widget elementor-widget-text-editor\" data-id=\"871dd00\" data-element_type=\"widget\" data-e-type=\"widget\" data-widget_type=\"text-editor.default\">\n\t\t\t\t\t\t\t\t\t<p>Nos chaudi\u00e8res \u00e0 \u00e9lectrodes Parat sont devenues en quelques ann\u00e9es la solution d\u2019\u00e9lectrothermie de r\u00e9f\u00e9rence dans le monde industriel et un levier puissant pour la d\u00e9carbonation des process les plus demandeurs.<\/p>\t\t\t\t\t\t\t\t<\/div>\n\t\t\t\t<\/div>\n\t\t\t\t\t<\/div>\n\t\t\t\t<\/div>\n\t\t\t\t\t\t\t\t<\/div>\n\t\t\t\t\t\t\t\t\t\t\t<div class=\"swiper-slide\" data-slide=\"2\" role=\"group\" aria-roledescription=\"slide\" aria-label=\"2 sur 3\">\n\t\t\t\t\t\t\t<div class=\"elementor-element elementor-element-066b6ac e-con-full e-flex e-con e-child\" data-id=\"066b6ac\" data-element_type=\"container\" data-e-type=\"container\">\n\t\t\t\t<div class=\"elementor-element elementor-element-5206c9a elementor-widget__width-initial elementor-widget elementor-widget-heading\" data-id=\"5206c9a\" data-element_type=\"widget\" data-e-type=\"widget\" data-widget_type=\"heading.default\">\n\t\t\t\t\t<h2 class=\"elementor-heading-title elementor-size-default\">CHAUDIERES \u00c9LECTRIQUES BASSE TENSION<\/h2>\t\t\t\t<\/div>\n\t\t\t\t<div class=\"elementor-element elementor-element-a8f461f elementor-widget elementor-widget-text-editor\" data-id=\"a8f461f\" data-element_type=\"widget\" data-e-type=\"widget\" data-widget_type=\"text-editor.default\">\n\t\t\t\t\t\t\t\t\t<p>Nos chaudi\u00e8res \u00e9lectriques \u00e0 thermoplongeurs sont une solution fiable et performante pour d\u00e9carboner efficacement les process industriels qui n\u00e9cessitent de faibles ou moyennes puissances et des d\u00e9bits mod\u00e9r\u00e9s.<\/p>\t\t\t\t\t\t\t\t<\/div>\n\t\t\t\t<\/div>\n\t\t\t\t\t\t\t\t<\/div>\n\t\t\t\t\t\t\t\t\t\t\t<div class=\"swiper-slide\" data-slide=\"3\" role=\"group\" aria-roledescription=\"slide\" aria-label=\"3 sur 3\">\n\t\t\t\t\t\t\t<div class=\"elementor-element elementor-element-40e3417 e-flex e-con-boxed e-con e-child\" data-id=\"40e3417\" data-element_type=\"container\" data-e-type=\"container\">\n\t\t\t\t\t<div class=\"e-con-inner\">\n\t\t\t\t<div class=\"elementor-element elementor-element-07f3a5d elementor-widget__width-initial elementor-widget elementor-widget-heading\" data-id=\"07f3a5d\" data-element_type=\"widget\" data-e-type=\"widget\" data-widget_type=\"heading.default\">\n\t\t\t\t\t<h2 class=\"elementor-heading-title elementor-size-default\">NOS SOLUTIONS HYBRIDES<\/h2>\t\t\t\t<\/div>\n\t\t\t\t<div class=\"elementor-element elementor-element-5d969e3 elementor-widget elementor-widget-text-editor\" data-id=\"5d969e3\" data-element_type=\"widget\" data-e-type=\"widget\" data-widget_type=\"text-editor.default\">\n\t\t\t\t\t\t\t\t\t<p>Qu\u2019il s\u2019agisse de l&rsquo;\u00e9lectrification d\u2019une chaudi\u00e8re compl\u00e8te ou de l&rsquo;ajout d\u2019un syst\u00e8me d\u2019appoint, nos solutions d&rsquo;hybridation offrent toute la flexibilit\u00e9 n\u00e9cessaire pour choisir \u00e0 tout moment la source d&rsquo;\u00e9nergie disponible la plus adapt\u00e9e.<\/p>\t\t\t\t\t\t\t\t<\/div>\n\t\t\t\t\t<\/div>\n\t\t\t\t<\/div>\n\t\t\t\t\t\t\t\t<\/div>\n\t\t\t\t\t\t\t\t<\/div>\n\t\t<\/div>\n\t\t\t\t\t\t<\/div>\n\t\t\t\t<div class=\"elementor-element elementor-element-3c417c6 elementor-widget elementor-widget-spacer\" data-id=\"3c417c6\" data-element_type=\"widget\" data-e-type=\"widget\" data-widget_type=\"spacer.default\">\n\t\t\t\t\t\t\t<div class=\"elementor-spacer\">\n\t\t\t<div class=\"elementor-spacer-inner\"><\/div>\n\t\t<\/div>\n\t\t\t\t\t\t<\/div>\n\t\t\t\t<div class=\"elementor-element elementor-element-aa7dc3e elementor-align-right elementor-widget elementor-widget-button\" data-id=\"aa7dc3e\" data-element_type=\"widget\" data-e-type=\"widget\" data-widget_type=\"button.default\">\n\t\t\t\t\t\t\t\t\t\t<a class=\"elementor-button elementor-button-link elementor-size-sm\" href=\"https:\/\/www.babcock-wanson-group.com\/wp-content\/uploads\/2025\/12\/Solutions-Electriques-2026.pdf\" target=\"_blank\">\n\t\t\t\t\t\t<span class=\"elementor-button-content-wrapper\">\n\t\t\t\t\t\t<span class=\"elementor-button-icon\">\n\t\t\t\t<svg aria-hidden=\"true\" class=\"e-font-icon-svg e-far-arrow-alt-circle-down\" viewBox=\"0 0 512 512\" xmlns=\"http:\/\/www.w3.org\/2000\/svg\"><path d=\"M256 8C119 8 8 119 8 256s111 248 248 248 248-111 248-248S393 8 256 8zm0 448c-110.5 0-200-89.5-200-200S145.5 56 256 56s200 89.5 200 200-89.5 200-200 200zm-32-316v116h-67c-10.7 0-16 12.9-8.5 20.5l99 99c4.7 4.7 12.3 4.7 17 0l99-99c7.6-7.6 2.2-20.5-8.5-20.5h-67V140c0-6.6-5.4-12-12-12h-40c-6.6 0-12 5.4-12 12z\"><\/path><\/svg>\t\t\t<\/span>\n\t\t\t\t\t\t\t\t\t<span class=\"elementor-button-text\">T\u00e9l\u00e9chargez notre brochure<\/span>\n\t\t\t\t\t<\/span>\n\t\t\t\t\t<\/a>\n\t\t\t\t\t\t\t\t<\/div>\n\t\t\t\t\t<\/div>\n\t\t<\/div>\n\t\t\t\t\t<\/div>\n\t\t<\/section>\n\t\t\t\t<\/div>\n\t\t","protected":false},"excerpt":{"rendered":"<p>Nos Solutions SOLUTIONS DURABLES Les solutions li\u00e9es \u00e0 la transition \u00e9nerg\u00e9tique d\u00e9ploy\u00e9es par nos marques s\u2019articulent autour de 4 piliers majeurs. Notre positionnement est unique. Pr\u00e9sent sur toute la chaine de valeur, Babcock Wanson Group peut agir et accompagner ses clients durant toute leur dur\u00e9e de vie de leurs installations industrielles, de leur conception, jusqu\u2019\u00e0 [&hellip;]<\/p>\n","protected":false},"author":1,"featured_media":0,"parent":0,"menu_order":0,"comment_status":"closed","ping_status":"closed","template":"","meta":{"footnotes":""},"class_list":["post-5156","page","type-page","status-publish","hentry"],"_links":{"self":[{"href":"https:\/\/www.babcock-wanson-group.com\/fr\/wp-json\/wp\/v2\/pages\/5156","targetHints":{"allow":["GET"]}}],"collection":[{"href":"https:\/\/www.babcock-wanson-group.com\/fr\/wp-json\/wp\/v2\/pages"}],"about":[{"href":"https:\/\/www.babcock-wanson-group.com\/fr\/wp-json\/wp\/v2\/types\/page"}],"author":[{"embeddable":true,"href":"https:\/\/www.babcock-wanson-group.com\/fr\/wp-json\/wp\/v2\/users\/1"}],"replies":[{"embeddable":true,"href":"https:\/\/www.babcock-wanson-group.com\/fr\/wp-json\/wp\/v2\/comments?post=5156"}],"version-history":[{"count":38,"href":"https:\/\/www.babcock-wanson-group.com\/fr\/wp-json\/wp\/v2\/pages\/5156\/revisions"}],"predecessor-version":[{"id":5499,"href":"https:\/\/www.babcock-wanson-group.com\/fr\/wp-json\/wp\/v2\/pages\/5156\/revisions\/5499"}],"wp:attachment":[{"href":"https:\/\/www.babcock-wanson-group.com\/fr\/wp-json\/wp\/v2\/media?parent=5156"}],"curies":[{"name":"wp","href":"https:\/\/api.w.org\/{rel}","templated":true}]}}